{"id":21752,"date":"2024-07-19T11:37:27","date_gmt":"2024-07-19T14:37:27","guid":{"rendered":"https:\/\/www.nuxcell.com.brlugar\/"},"modified":"2024-07-19T11:37:27","modified_gmt":"2024-07-19T14:37:27","slug":"lugar","status":"publish","type":"page","link":"https:\/\/www.biosyn.com.br\/nuxcell\/lugar\/","title":{"rendered":"Localiza\u00e7\u00e3o"},"content":{"rendered":"<p>[gd_notifications]<br \/>\n[gd_categories]<br \/>\n[gd_map map_type=&#8217;directory&#8217; width=100% height=300 search_filter=1 cat_filter=1 post_type_filter=1]<br \/>\n[gd_search]<br \/>\n[gd_listings post_limit=10 add_location_filter=&#8217;1&#8242;]<\/p>\n","protected":false},"excerpt":{"rendered":"<p>[gd_notifications] [gd_categories] [gd_map map_type=&#8217;directory&#8217; width=100% height=300 search_filter=1 cat_filter=1 post_type_filter=1] [gd_search] [gd_listings post_limit=10 add_location_filter=&#8217;1&#8242;]<\/p>\n","protected":false},"author":4,"featured_media":0,"parent":0,"menu_order":0,"comment_status":"closed","ping_status":"closed","template":"","meta":{"_acf_changed":false,"footnotes":""},"class_list":["post-21752","page","type-page","status-publish","hentry"],"acf":[],"yoast_head":"<!-- This site is optimized with the Yoast SEO plugin v26.2 - https:\/\/yoast.com\/wordpress\/plugins\/seo\/ -->\n<title>Localiza\u00e7\u00e3o - NUXCELL\u00ae | Muito mais que vitamina para cachorro e gato!<\/title>\n<meta name=\"robots\" content=\"index, follow, max-snippet:-1, max-image-preview:large, max-video-preview:-1\" \/>\n<link rel=\"canonical\" href=\"https:\/\/www.biosyn.com.br\/nuxcell\/lugar\/\" \/>\n<meta property=\"og:locale\" content=\"pt_BR\" \/>\n<meta property=\"og:type\" content=\"article\" \/>\n<meta property=\"og:title\" content=\"Localiza\u00e7\u00e3o - NUXCELL\u00ae | Muito mais que vitamina para cachorro e gato!\" \/>\n<meta property=\"og:description\" content=\"[gd_notifications] [gd_categories] [gd_map map_type=&#8217;directory&#8217; width=100% height=300 search_filter=1 cat_filter=1 post_type_filter=1] [gd_search] [gd_listings post_limit=10 add_location_filter=&#8217;1&#8242;]\" \/>\n<meta property=\"og:url\" content=\"https:\/\/www.biosyn.com.br\/nuxcell\/lugar\/\" \/>\n<meta property=\"og:site_name\" content=\"NUXCELL\u00ae | Muito mais que vitamina para cachorro e gato!\" \/>\n<meta name=\"twitter:card\" content=\"summary_large_image\" \/>\n<script type=\"application\/ld+json\" class=\"yoast-schema-graph\">{\"@context\":\"https:\/\/schema.org\",\"@graph\":[{\"@type\":\"WebPage\",\"@id\":\"https:\/\/www.biosyn.com.br\/nuxcell\/lugar\/\",\"url\":\"https:\/\/www.biosyn.com.br\/nuxcell\/lugar\/\",\"name\":\"Localiza\u00e7\u00e3o - NUXCELL\u00ae | Muito mais que vitamina para cachorro e gato!\",\"isPartOf\":{\"@id\":\"https:\/\/www.biosyn.com.br\/nuxcell\/#website\"},\"datePublished\":\"2024-07-19T14:37:27+00:00\",\"breadcrumb\":{\"@id\":\"https:\/\/www.biosyn.com.br\/nuxcell\/lugar\/#breadcrumb\"},\"inLanguage\":\"pt-BR\",\"potentialAction\":[{\"@type\":\"ReadAction\",\"target\":[\"https:\/\/www.biosyn.com.br\/nuxcell\/lugar\/\"]}]},{\"@type\":\"BreadcrumbList\",\"@id\":\"https:\/\/www.biosyn.com.br\/nuxcell\/lugar\/#breadcrumb\",\"itemListElement\":[{\"@type\":\"ListItem\",\"position\":1,\"name\":\"In\u00edcio\",\"item\":\"https:\/\/www.biosyn.com.br\/nuxcell\/\"},{\"@type\":\"ListItem\",\"position\":2,\"name\":\"Localiza\u00e7\u00e3o\"}]},{\"@type\":\"WebSite\",\"@id\":\"https:\/\/www.biosyn.com.br\/nuxcell\/#website\",\"url\":\"https:\/\/www.biosyn.com.br\/nuxcell\/\",\"name\":\"NUXCELL\u00ae | Muito mais que vitamina para cachorro e gato!\",\"description\":\"NUXCELL\u00ae \u00e9 um simbi\u00f3tico imunomodulador exclusivo para c\u00e3es e gatos. Fortalece as defesas do organismo e fornece nutrientes estrat\u00e9gicos para a sa\u00fade pet.\",\"publisher\":{\"@id\":\"https:\/\/www.biosyn.com.br\/nuxcell\/#organization\"},\"potentialAction\":[{\"@type\":\"SearchAction\",\"target\":{\"@type\":\"EntryPoint\",\"urlTemplate\":\"https:\/\/www.biosyn.com.br\/nuxcell\/?s={search_term_string}\"},\"query-input\":{\"@type\":\"PropertyValueSpecification\",\"valueRequired\":true,\"valueName\":\"search_term_string\"}}],\"inLanguage\":\"pt-BR\"},{\"@type\":\"Organization\",\"@id\":\"https:\/\/www.biosyn.com.br\/nuxcell\/#organization\",\"name\":\"NUXCELL\u00ae | Muito mais que vitamina para cachorro e gato!\",\"url\":\"https:\/\/www.biosyn.com.br\/nuxcell\/\",\"logo\":{\"@type\":\"ImageObject\",\"inLanguage\":\"pt-BR\",\"@id\":\"https:\/\/www.biosyn.com.br\/nuxcell\/#\/schema\/logo\/image\/\",\"url\":\"https:\/\/www.biosyn.com.br\/nuxcell\/wp-content\/uploads\/sites\/2\/2024\/07\/nuxcell_logo-e1721911131146.png\",\"contentUrl\":\"https:\/\/www.biosyn.com.br\/nuxcell\/wp-content\/uploads\/sites\/2\/2024\/07\/nuxcell_logo-e1721911131146.png\",\"width\":550,\"height\":122,\"caption\":\"NUXCELL\u00ae | Muito mais que vitamina para cachorro e gato!\"},\"image\":{\"@id\":\"https:\/\/www.biosyn.com.br\/nuxcell\/#\/schema\/logo\/image\/\"}}]}<\/script>\n<!-- \/ Yoast SEO plugin. -->","yoast_head_json":{"title":"Localiza\u00e7\u00e3o - NUXCELL\u00ae | Muito mais que vitamina para cachorro e gato!","robots":{"index":"index","follow":"follow","max-snippet":"max-snippet:-1","max-image-preview":"max-image-preview:large","max-video-preview":"max-video-preview:-1"},"canonical":"https:\/\/www.biosyn.com.br\/nuxcell\/lugar\/","og_locale":"pt_BR","og_type":"article","og_title":"Localiza\u00e7\u00e3o - NUXCELL\u00ae | Muito mais que vitamina para cachorro e gato!","og_description":"[gd_notifications] [gd_categories] [gd_map map_type=&#8217;directory&#8217; width=100% height=300 search_filter=1 cat_filter=1 post_type_filter=1] [gd_search] [gd_listings post_limit=10 add_location_filter=&#8217;1&#8242;]","og_url":"https:\/\/www.biosyn.com.br\/nuxcell\/lugar\/","og_site_name":"NUXCELL\u00ae | Muito mais que vitamina para cachorro e gato!","twitter_card":"summary_large_image","schema":{"@context":"https:\/\/schema.org","@graph":[{"@type":"WebPage","@id":"https:\/\/www.biosyn.com.br\/nuxcell\/lugar\/","url":"https:\/\/www.biosyn.com.br\/nuxcell\/lugar\/","name":"Localiza\u00e7\u00e3o - NUXCELL\u00ae | Muito mais que vitamina para cachorro e gato!","isPartOf":{"@id":"https:\/\/www.biosyn.com.br\/nuxcell\/#website"},"datePublished":"2024-07-19T14:37:27+00:00","breadcrumb":{"@id":"https:\/\/www.biosyn.com.br\/nuxcell\/lugar\/#breadcrumb"},"inLanguage":"pt-BR","potentialAction":[{"@type":"ReadAction","target":["https:\/\/www.biosyn.com.br\/nuxcell\/lugar\/"]}]},{"@type":"BreadcrumbList","@id":"https:\/\/www.biosyn.com.br\/nuxcell\/lugar\/#breadcrumb","itemListElement":[{"@type":"ListItem","position":1,"name":"In\u00edcio","item":"https:\/\/www.biosyn.com.br\/nuxcell\/"},{"@type":"ListItem","position":2,"name":"Localiza\u00e7\u00e3o"}]},{"@type":"WebSite","@id":"https:\/\/www.biosyn.com.br\/nuxcell\/#website","url":"https:\/\/www.biosyn.com.br\/nuxcell\/","name":"NUXCELL\u00ae | Muito mais que vitamina para cachorro e gato!","description":"NUXCELL\u00ae \u00e9 um simbi\u00f3tico imunomodulador exclusivo para c\u00e3es e gatos. Fortalece as defesas do organismo e fornece nutrientes estrat\u00e9gicos para a sa\u00fade pet.","publisher":{"@id":"https:\/\/www.biosyn.com.br\/nuxcell\/#organization"},"potentialAction":[{"@type":"SearchAction","target":{"@type":"EntryPoint","urlTemplate":"https:\/\/www.biosyn.com.br\/nuxcell\/?s={search_term_string}"},"query-input":{"@type":"PropertyValueSpecification","valueRequired":true,"valueName":"search_term_string"}}],"inLanguage":"pt-BR"},{"@type":"Organization","@id":"https:\/\/www.biosyn.com.br\/nuxcell\/#organization","name":"NUXCELL\u00ae | Muito mais que vitamina para cachorro e gato!","url":"https:\/\/www.biosyn.com.br\/nuxcell\/","logo":{"@type":"ImageObject","inLanguage":"pt-BR","@id":"https:\/\/www.biosyn.com.br\/nuxcell\/#\/schema\/logo\/image\/","url":"https:\/\/www.biosyn.com.br\/nuxcell\/wp-content\/uploads\/sites\/2\/2024\/07\/nuxcell_logo-e1721911131146.png","contentUrl":"https:\/\/www.biosyn.com.br\/nuxcell\/wp-content\/uploads\/sites\/2\/2024\/07\/nuxcell_logo-e1721911131146.png","width":550,"height":122,"caption":"NUXCELL\u00ae | Muito mais que vitamina para cachorro e gato!"},"image":{"@id":"https:\/\/www.biosyn.com.br\/nuxcell\/#\/schema\/logo\/image\/"}}]}},"_links":{"self":[{"href":"https:\/\/www.biosyn.com.br\/nuxcell\/wp-json\/wp\/v2\/pages\/21752","targetHints":{"allow":["GET"]}}],"collection":[{"href":"https:\/\/www.biosyn.com.br\/nuxcell\/wp-json\/wp\/v2\/pages"}],"about":[{"href":"https:\/\/www.biosyn.com.br\/nuxcell\/wp-json\/wp\/v2\/types\/page"}],"author":[{"embeddable":true,"href":"https:\/\/www.biosyn.com.br\/nuxcell\/wp-json\/wp\/v2\/users\/4"}],"replies":[{"embeddable":true,"href":"https:\/\/www.biosyn.com.br\/nuxcell\/wp-json\/wp\/v2\/comments?post=21752"}],"version-history":[{"count":0,"href":"https:\/\/www.biosyn.com.br\/nuxcell\/wp-json\/wp\/v2\/pages\/21752\/revisions"}],"wp:attachment":[{"href":"https:\/\/www.biosyn.com.br\/nuxcell\/wp-json\/wp\/v2\/media?parent=21752"}],"curies":[{"name":"wp","href":"https:\/\/api.w.org\/{rel}","templated":true}]}}