{"id":406,"date":"2023-02-13T13:21:42","date_gmt":"2023-02-13T13:21:42","guid":{"rendered":"https:\/\/www.nuxcell.com.br?page_id=406"},"modified":"2025-07-27T15:51:48","modified_gmt":"2025-07-27T18:51:48","slug":"contato","status":"publish","type":"page","link":"https:\/\/www.biosyn.com.br\/nuxcell\/contato\/","title":{"rendered":"Contato"},"content":{"rendered":"\t\t<div data-elementor-type=\"wp-page\" data-elementor-id=\"406\" class=\"elementor elementor-406\" data-elementor-post-type=\"page\">\n\t\t\t\t\t\t<section class=\"elementor-section elementor-top-section elementor-element elementor-element-672fc89 elementor-section-full_width elementor-section-height-default elementor-section-height-default\" data-id=\"672fc89\" data-element_type=\"section\">\n\t\t\t\t\t\t<div class=\"elementor-container elementor-column-gap-no\">\n\t\t\t\t\t<div class=\"elementor-column elementor-col-100 elementor-top-column elementor-element elementor-element-6c152a9\" data-id=\"6c152a9\" data-element_type=\"column\" data-settings=\"{&quot;background_background&quot;:&quot;classic&quot;}\">\n\t\t\t<div class=\"elementor-widget-wrap\">\n\t\t\t\t\t\t\t<\/div>\n\t\t<\/div>\n\t\t\t\t\t<\/div>\n\t\t<\/section>\n\t\t\t\t<section class=\"elementor-section elementor-top-section elementor-element elementor-element-4c0b3169 elementor-section-boxed elementor-section-height-default elementor-section-height-default\" data-id=\"4c0b3169\" data-element_type=\"section\" data-settings=\"{&quot;background_background&quot;:&quot;classic&quot;}\">\n\t\t\t\t\t\t<div class=\"elementor-container elementor-column-gap-default\">\n\t\t\t\t\t<div class=\"elementor-column elementor-col-100 elementor-top-column elementor-element elementor-element-e30e56d\" data-id=\"e30e56d\" data-element_type=\"column\">\n\t\t\t<div class=\"elementor-widget-wrap elementor-element-populated\">\n\t\t\t\t\t\t<section class=\"elementor-section elementor-inner-section elementor-element elementor-element-62edccec elementor-section-height-min-height elementor-section-boxed elementor-section-height-default\" data-id=\"62edccec\" data-element_type=\"section\" data-settings=\"{&quot;background_background&quot;:&quot;classic&quot;}\">\n\t\t\t\t\t\t<div class=\"elementor-container elementor-column-gap-default\">\n\t\t\t\t\t<div class=\"elementor-column elementor-col-33 elementor-inner-column elementor-element elementor-element-1f8cca29 elementor-invisible\" data-id=\"1f8cca29\" data-element_type=\"column\" data-settings=\"{&quot;background_background&quot;:&quot;classic&quot;,&quot;animation&quot;:&quot;fadeInUp&quot;}\">\n\t\t\t<div class=\"elementor-widget-wrap elementor-element-populated\">\n\t\t\t\t\t\t<div class=\"elementor-element elementor-element-5023f2bc elementor-view-default elementor-widget elementor-widget-icon\" data-id=\"5023f2bc\" data-element_type=\"widget\" data-widget_type=\"icon.default\">\n\t\t\t\t\t\t\t<div class=\"elementor-icon-wrapper\">\n\t\t\t<div class=\"elementor-icon\">\n\t\t\t<i aria-hidden=\"true\" class=\"icon icon-Support-2\"><\/i>\t\t\t<\/div>\n\t\t<\/div>\n\t\t\t\t\t\t<\/div>\n\t\t\t\t<div class=\"elementor-element elementor-element-53e11693 elementor-widget elementor-widget-heading\" data-id=\"53e11693\" data-element_type=\"widget\" data-widget_type=\"heading.default\">\n\t\t\t\t\t<h4 class=\"elementor-heading-title elementor-size-default\">Suporte T\u00e9cnico<\/h4>\t\t\t\t<\/div>\n\t\t\t\t<div class=\"elementor-element elementor-element-427da07a elementor-widget elementor-widget-text-editor\" data-id=\"427da07a\" data-element_type=\"widget\" data-widget_type=\"text-editor.default\">\n\t\t\t\t\t\t\t\t\t<p>Fale com um especialista da BioSyn<\/p>\t\t\t\t\t\t\t\t<\/div>\n\t\t\t\t<div class=\"elementor-element elementor-element-e128b5a elementor-align-center elementor-widget__width-initial elementor-widget elementor-widget-button\" data-id=\"e128b5a\" data-element_type=\"widget\" data-widget_type=\"button.default\">\n\t\t\t\t\t\t\t\t\t\t<a class=\"elementor-button elementor-button-link elementor-size-sm\" href=\"https:\/\/biosyn.com.br\/contato\">\n\t\t\t\t\t\t<span class=\"elementor-button-content-wrapper\">\n\t\t\t\t\t\t\t\t\t<span class=\"elementor-button-text\">Entrar em contato<\/span>\n\t\t\t\t\t<\/span>\n\t\t\t\t\t<\/a>\n\t\t\t\t\t\t\t\t<\/div>\n\t\t\t\t\t<\/div>\n\t\t<\/div>\n\t\t\t\t<div class=\"elementor-column elementor-col-33 elementor-inner-column elementor-element elementor-element-cbcebdc elementor-invisible\" data-id=\"cbcebdc\" data-element_type=\"column\" data-settings=\"{&quot;background_background&quot;:&quot;classic&quot;,&quot;animation&quot;:&quot;fadeInUp&quot;,&quot;animation_delay&quot;:400}\">\n\t\t\t<div class=\"elementor-widget-wrap elementor-element-populated\">\n\t\t\t\t\t\t<div class=\"elementor-element elementor-element-636a7b33 elementor-view-default elementor-widget elementor-widget-icon\" data-id=\"636a7b33\" data-element_type=\"widget\" data-widget_type=\"icon.default\">\n\t\t\t\t\t\t\t<div class=\"elementor-icon-wrapper\">\n\t\t\t<div class=\"elementor-icon\">\n\t\t\t<i aria-hidden=\"true\" class=\"icon icon-commerce-2\"><\/i>\t\t\t<\/div>\n\t\t<\/div>\n\t\t\t\t\t\t<\/div>\n\t\t\t\t<div class=\"elementor-element elementor-element-c0a56f0 elementor-widget elementor-widget-heading\" data-id=\"c0a56f0\" data-element_type=\"widget\" data-widget_type=\"heading.default\">\n\t\t\t\t\t<h4 class=\"elementor-heading-title elementor-size-default\">Seja um PDV<\/h4>\t\t\t\t<\/div>\n\t\t\t\t<div class=\"elementor-element elementor-element-4eb9eaed elementor-widget elementor-widget-text-editor\" data-id=\"4eb9eaed\" data-element_type=\"widget\" data-widget_type=\"text-editor.default\">\n\t\t\t\t\t\t\t\t\t<p>Oferecer NUXCELL em um ponto de venda<\/p>\t\t\t\t\t\t\t\t<\/div>\n\t\t\t\t<div class=\"elementor-element elementor-element-0684761 elementor-align-center elementor-widget__width-initial elementor-widget elementor-widget-button\" data-id=\"0684761\" data-element_type=\"widget\" data-widget_type=\"button.default\">\n\t\t\t\t\t\t\t\t\t\t<a class=\"elementor-button elementor-button-link elementor-size-sm\" href=\"https:\/\/www.biosyn.com.br\/nuxcell\/pdv\/\">\n\t\t\t\t\t\t<span class=\"elementor-button-content-wrapper\">\n\t\t\t\t\t\t\t\t\t<span class=\"elementor-button-text\">Clique aqui<\/span>\n\t\t\t\t\t<\/span>\n\t\t\t\t\t<\/a>\n\t\t\t\t\t\t\t\t<\/div>\n\t\t\t\t\t<\/div>\n\t\t<\/div>\n\t\t\t\t<div class=\"elementor-column elementor-col-33 elementor-inner-column elementor-element elementor-element-44ebd17b elementor-invisible\" data-id=\"44ebd17b\" data-element_type=\"column\" data-settings=\"{&quot;background_background&quot;:&quot;classic&quot;,&quot;animation&quot;:&quot;fadeInUp&quot;,&quot;animation_delay&quot;:200}\">\n\t\t\t<div class=\"elementor-widget-wrap elementor-element-populated\">\n\t\t\t\t\t\t<div class=\"elementor-element elementor-element-1b575698 elementor-view-default elementor-widget elementor-widget-icon\" data-id=\"1b575698\" data-element_type=\"widget\" data-widget_type=\"icon.default\">\n\t\t\t\t\t\t\t<div class=\"elementor-icon-wrapper\">\n\t\t\t<div class=\"elementor-icon\">\n\t\t\t<i aria-hidden=\"true\" class=\"icon icon-shopping-cart-3\"><\/i>\t\t\t<\/div>\n\t\t<\/div>\n\t\t\t\t\t\t<\/div>\n\t\t\t\t<div class=\"elementor-element elementor-element-14214a92 elementor-widget elementor-widget-heading\" data-id=\"14214a92\" data-element_type=\"widget\" data-widget_type=\"heading.default\">\n\t\t\t\t\t<h4 class=\"elementor-heading-title elementor-size-default\">Comprar Online<\/h4>\t\t\t\t<\/div>\n\t\t\t\t<div class=\"elementor-element elementor-element-56aea801 elementor-widget elementor-widget-text-editor\" data-id=\"56aea801\" data-element_type=\"widget\" data-widget_type=\"text-editor.default\">\n\t\t\t\t\t\t\t\t\t<p>Adquirir produto em loja online<\/p>\t\t\t\t\t\t\t\t<\/div>\n\t\t\t\t<div class=\"elementor-element elementor-element-dce14d4 elementor-align-center elementor-widget__width-initial elementor-widget elementor-widget-button\" data-id=\"dce14d4\" data-element_type=\"widget\" data-widget_type=\"button.default\">\n\t\t\t\t\t\t\t\t\t\t<a class=\"elementor-button elementor-button-link elementor-size-sm\" href=\"https:\/\/www.biosyn.com.br\/nuxcell\/comprar\/\">\n\t\t\t\t\t\t<span class=\"elementor-button-content-wrapper\">\n\t\t\t\t\t\t\t\t\t<span class=\"elementor-button-text\">Clique aqui<\/span>\n\t\t\t\t\t<\/span>\n\t\t\t\t\t<\/a>\n\t\t\t\t\t\t\t\t<\/div>\n\t\t\t\t\t<\/div>\n\t\t<\/div>\n\t\t\t\t\t<\/div>\n\t\t<\/section>\n\t\t\t\t\t<\/div>\n\t\t<\/div>\n\t\t\t\t\t<\/div>\n\t\t<\/section>\n\t\t\t\t<section class=\"elementor-section elementor-top-section elementor-element elementor-element-6c4396bf elementor-section-boxed elementor-section-height-default elementor-section-height-default\" data-id=\"6c4396bf\" data-element_type=\"section\" data-settings=\"{&quot;background_background&quot;:&quot;classic&quot;,&quot;shape_divider_top&quot;:&quot;curve&quot;,&quot;shape_divider_top_negative&quot;:&quot;yes&quot;}\">\n\t\t\t\t\t<div class=\"elementor-shape elementor-shape-top\" aria-hidden=\"true\" data-negative=\"true\">\n\t\t\t<svg xmlns=\"http:\/\/www.w3.org\/2000\/svg\" viewBox=\"0 0 1000 100\" preserveAspectRatio=\"none\">\n\t<path class=\"elementor-shape-fill\" d=\"M500,97C126.7,96.3,0.8,19.8,0,0v100l1000,0V1C1000,19.4,873.3,97.8,500,97z\"\/>\n<\/svg>\t\t<\/div>\n\t\t\t\t\t<div class=\"elementor-container elementor-column-gap-default\">\n\t\t\t\t\t<div class=\"elementor-column elementor-col-100 elementor-top-column elementor-element elementor-element-2329a59\" data-id=\"2329a59\" data-element_type=\"column\">\n\t\t\t<div class=\"elementor-widget-wrap\">\n\t\t\t\t\t\t\t<\/div>\n\t\t<\/div>\n\t\t\t\t\t<\/div>\n\t\t<\/section>\n\t\t\t\t<section class=\"elementor-section elementor-top-section elementor-element elementor-element-1c2422d9 elementor-section-full_width elementor-section-height-default elementor-section-height-default\" data-id=\"1c2422d9\" data-element_type=\"section\">\n\t\t\t\t\t\t<div class=\"elementor-container elementor-column-gap-default\">\n\t\t\t\t\t<div class=\"elementor-column elementor-col-100 elementor-top-column elementor-element elementor-element-1833fa93\" data-id=\"1833fa93\" data-element_type=\"column\">\n\t\t\t<div class=\"elementor-widget-wrap elementor-element-populated\">\n\t\t\t\t\t\t<div class=\"elementor-element elementor-element-14938d44 elementor-widget elementor-widget-google_maps\" data-id=\"14938d44\" data-element_type=\"widget\" data-widget_type=\"google_maps.default\">\n\t\t\t\t\t\t\t<div class=\"elementor-custom-embed\">\n\t\t\t<iframe loading=\"lazy\"\n\t\t\t\t\tsrc=\"https:\/\/maps.google.com\/maps?q=BioSyn%20Sa%C3%BAde%20Animal&#038;t=m&#038;z=15&#038;output=embed&#038;iwloc=near\"\n\t\t\t\t\ttitle=\"BioSyn Sa\u00fade Animal\"\n\t\t\t\t\taria-label=\"BioSyn Sa\u00fade Animal\"\n\t\t\t><\/iframe>\n\t\t<\/div>\n\t\t\t\t\t\t<\/div>\n\t\t\t\t\t<\/div>\n\t\t<\/div>\n\t\t\t\t\t<\/div>\n\t\t<\/section>\n\t\t\t\t<\/div>\n\t\t","protected":false},"excerpt":{"rendered":"<p>Suporte T\u00e9cnico Fale com um especialista da BioSyn Entrar em contato Seja um PDV Oferecer NUXCELL em um ponto de venda Clique aqui Comprar Online Adquirir produto em loja online Clique aqui<\/p>\n","protected":false},"author":4,"featured_media":0,"parent":0,"menu_order":0,"comment_status":"closed","ping_status":"closed","template":"elementor_header_footer","meta":{"_acf_changed":false,"footnotes":""},"class_list":["post-406","page","type-page","status-publish","hentry"],"acf":[],"yoast_head":"<!-- This site is optimized with the Yoast SEO plugin v26.2 - https:\/\/yoast.com\/wordpress\/plugins\/seo\/ -->\n<title>Contato - NUXCELL\u00ae | Muito mais que vitamina para cachorro e gato!<\/title>\n<meta name=\"robots\" content=\"index, follow, max-snippet:-1, max-image-preview:large, max-video-preview:-1\" \/>\n<link rel=\"canonical\" href=\"https:\/\/www.biosyn.com.br\/nuxcell\/contato\/\" \/>\n<meta property=\"og:locale\" content=\"pt_BR\" \/>\n<meta property=\"og:type\" content=\"article\" \/>\n<meta property=\"og:title\" content=\"Contato - NUXCELL\u00ae | Muito mais que vitamina para cachorro e gato!\" \/>\n<meta property=\"og:description\" content=\"Suporte T\u00e9cnico Fale com um especialista da BioSyn Entrar em contato Seja um PDV Oferecer NUXCELL em um ponto de venda Clique aqui Comprar Online Adquirir produto em loja online Clique aqui\" \/>\n<meta property=\"og:url\" content=\"https:\/\/www.biosyn.com.br\/nuxcell\/contato\/\" \/>\n<meta property=\"og:site_name\" content=\"NUXCELL\u00ae | Muito mais que vitamina para cachorro e gato!\" \/>\n<meta property=\"article:modified_time\" content=\"2025-07-27T18:51:48+00:00\" \/>\n<meta name=\"twitter:card\" content=\"summary_large_image\" \/>\n<meta name=\"twitter:label1\" content=\"Est. tempo de leitura\" \/>\n\t<meta name=\"twitter:data1\" content=\"1 minuto\" \/>\n<script type=\"application\/ld+json\" class=\"yoast-schema-graph\">{\"@context\":\"https:\/\/schema.org\",\"@graph\":[{\"@type\":\"WebPage\",\"@id\":\"https:\/\/www.biosyn.com.br\/nuxcell\/contato\/\",\"url\":\"https:\/\/www.biosyn.com.br\/nuxcell\/contato\/\",\"name\":\"Contato - NUXCELL\u00ae | Muito mais que vitamina para cachorro e gato!\",\"isPartOf\":{\"@id\":\"https:\/\/www.biosyn.com.br\/nuxcell\/#website\"},\"datePublished\":\"2023-02-13T13:21:42+00:00\",\"dateModified\":\"2025-07-27T18:51:48+00:00\",\"breadcrumb\":{\"@id\":\"https:\/\/www.biosyn.com.br\/nuxcell\/contato\/#breadcrumb\"},\"inLanguage\":\"pt-BR\",\"potentialAction\":[{\"@type\":\"ReadAction\",\"target\":[\"https:\/\/www.biosyn.com.br\/nuxcell\/contato\/\"]}]},{\"@type\":\"BreadcrumbList\",\"@id\":\"https:\/\/www.biosyn.com.br\/nuxcell\/contato\/#breadcrumb\",\"itemListElement\":[{\"@type\":\"ListItem\",\"position\":1,\"name\":\"In\u00edcio\",\"item\":\"https:\/\/www.biosyn.com.br\/nuxcell\/\"},{\"@type\":\"ListItem\",\"position\":2,\"name\":\"Contato\"}]},{\"@type\":\"WebSite\",\"@id\":\"https:\/\/www.biosyn.com.br\/nuxcell\/#website\",\"url\":\"https:\/\/www.biosyn.com.br\/nuxcell\/\",\"name\":\"NUXCELL\u00ae | Muito mais que vitamina para cachorro e gato!\",\"description\":\"NUXCELL\u00ae \u00e9 um simbi\u00f3tico imunomodulador exclusivo para c\u00e3es e gatos. Fortalece as defesas do organismo e fornece nutrientes estrat\u00e9gicos para a sa\u00fade pet.\",\"publisher\":{\"@id\":\"https:\/\/www.biosyn.com.br\/nuxcell\/#organization\"},\"potentialAction\":[{\"@type\":\"SearchAction\",\"target\":{\"@type\":\"EntryPoint\",\"urlTemplate\":\"https:\/\/www.biosyn.com.br\/nuxcell\/?s={search_term_string}\"},\"query-input\":{\"@type\":\"PropertyValueSpecification\",\"valueRequired\":true,\"valueName\":\"search_term_string\"}}],\"inLanguage\":\"pt-BR\"},{\"@type\":\"Organization\",\"@id\":\"https:\/\/www.biosyn.com.br\/nuxcell\/#organization\",\"name\":\"NUXCELL\u00ae | Muito mais que vitamina para cachorro e gato!\",\"url\":\"https:\/\/www.biosyn.com.br\/nuxcell\/\",\"logo\":{\"@type\":\"ImageObject\",\"inLanguage\":\"pt-BR\",\"@id\":\"https:\/\/www.biosyn.com.br\/nuxcell\/#\/schema\/logo\/image\/\",\"url\":\"https:\/\/www.biosyn.com.br\/nuxcell\/wp-content\/uploads\/sites\/2\/2024\/07\/nuxcell_logo-e1721911131146.png\",\"contentUrl\":\"https:\/\/www.biosyn.com.br\/nuxcell\/wp-content\/uploads\/sites\/2\/2024\/07\/nuxcell_logo-e1721911131146.png\",\"width\":550,\"height\":122,\"caption\":\"NUXCELL\u00ae | Muito mais que vitamina para cachorro e gato!\"},\"image\":{\"@id\":\"https:\/\/www.biosyn.com.br\/nuxcell\/#\/schema\/logo\/image\/\"}}]}<\/script>\n<!-- \/ Yoast SEO plugin. -->","yoast_head_json":{"title":"Contato - NUXCELL\u00ae | Muito mais que vitamina para cachorro e gato!","robots":{"index":"index","follow":"follow","max-snippet":"max-snippet:-1","max-image-preview":"max-image-preview:large","max-video-preview":"max-video-preview:-1"},"canonical":"https:\/\/www.biosyn.com.br\/nuxcell\/contato\/","og_locale":"pt_BR","og_type":"article","og_title":"Contato - NUXCELL\u00ae | Muito mais que vitamina para cachorro e gato!","og_description":"Suporte T\u00e9cnico Fale com um especialista da BioSyn Entrar em contato Seja um PDV Oferecer NUXCELL em um ponto de venda Clique aqui Comprar Online Adquirir produto em loja online Clique aqui","og_url":"https:\/\/www.biosyn.com.br\/nuxcell\/contato\/","og_site_name":"NUXCELL\u00ae | Muito mais que vitamina para cachorro e gato!","article_modified_time":"2025-07-27T18:51:48+00:00","twitter_card":"summary_large_image","twitter_misc":{"Est. tempo de leitura":"1 minuto"},"schema":{"@context":"https:\/\/schema.org","@graph":[{"@type":"WebPage","@id":"https:\/\/www.biosyn.com.br\/nuxcell\/contato\/","url":"https:\/\/www.biosyn.com.br\/nuxcell\/contato\/","name":"Contato - NUXCELL\u00ae | Muito mais que vitamina para cachorro e gato!","isPartOf":{"@id":"https:\/\/www.biosyn.com.br\/nuxcell\/#website"},"datePublished":"2023-02-13T13:21:42+00:00","dateModified":"2025-07-27T18:51:48+00:00","breadcrumb":{"@id":"https:\/\/www.biosyn.com.br\/nuxcell\/contato\/#breadcrumb"},"inLanguage":"pt-BR","potentialAction":[{"@type":"ReadAction","target":["https:\/\/www.biosyn.com.br\/nuxcell\/contato\/"]}]},{"@type":"BreadcrumbList","@id":"https:\/\/www.biosyn.com.br\/nuxcell\/contato\/#breadcrumb","itemListElement":[{"@type":"ListItem","position":1,"name":"In\u00edcio","item":"https:\/\/www.biosyn.com.br\/nuxcell\/"},{"@type":"ListItem","position":2,"name":"Contato"}]},{"@type":"WebSite","@id":"https:\/\/www.biosyn.com.br\/nuxcell\/#website","url":"https:\/\/www.biosyn.com.br\/nuxcell\/","name":"NUXCELL\u00ae | Muito mais que vitamina para cachorro e gato!","description":"NUXCELL\u00ae \u00e9 um simbi\u00f3tico imunomodulador exclusivo para c\u00e3es e gatos. Fortalece as defesas do organismo e fornece nutrientes estrat\u00e9gicos para a sa\u00fade pet.","publisher":{"@id":"https:\/\/www.biosyn.com.br\/nuxcell\/#organization"},"potentialAction":[{"@type":"SearchAction","target":{"@type":"EntryPoint","urlTemplate":"https:\/\/www.biosyn.com.br\/nuxcell\/?s={search_term_string}"},"query-input":{"@type":"PropertyValueSpecification","valueRequired":true,"valueName":"search_term_string"}}],"inLanguage":"pt-BR"},{"@type":"Organization","@id":"https:\/\/www.biosyn.com.br\/nuxcell\/#organization","name":"NUXCELL\u00ae | Muito mais que vitamina para cachorro e gato!","url":"https:\/\/www.biosyn.com.br\/nuxcell\/","logo":{"@type":"ImageObject","inLanguage":"pt-BR","@id":"https:\/\/www.biosyn.com.br\/nuxcell\/#\/schema\/logo\/image\/","url":"https:\/\/www.biosyn.com.br\/nuxcell\/wp-content\/uploads\/sites\/2\/2024\/07\/nuxcell_logo-e1721911131146.png","contentUrl":"https:\/\/www.biosyn.com.br\/nuxcell\/wp-content\/uploads\/sites\/2\/2024\/07\/nuxcell_logo-e1721911131146.png","width":550,"height":122,"caption":"NUXCELL\u00ae | Muito mais que vitamina para cachorro e gato!"},"image":{"@id":"https:\/\/www.biosyn.com.br\/nuxcell\/#\/schema\/logo\/image\/"}}]}},"_links":{"self":[{"href":"https:\/\/www.biosyn.com.br\/nuxcell\/wp-json\/wp\/v2\/pages\/406","targetHints":{"allow":["GET"]}}],"collection":[{"href":"https:\/\/www.biosyn.com.br\/nuxcell\/wp-json\/wp\/v2\/pages"}],"about":[{"href":"https:\/\/www.biosyn.com.br\/nuxcell\/wp-json\/wp\/v2\/types\/page"}],"author":[{"embeddable":true,"href":"https:\/\/www.biosyn.com.br\/nuxcell\/wp-json\/wp\/v2\/users\/4"}],"replies":[{"embeddable":true,"href":"https:\/\/www.biosyn.com.br\/nuxcell\/wp-json\/wp\/v2\/comments?post=406"}],"version-history":[{"count":13,"href":"https:\/\/www.biosyn.com.br\/nuxcell\/wp-json\/wp\/v2\/pages\/406\/revisions"}],"predecessor-version":[{"id":30831,"href":"https:\/\/www.biosyn.com.br\/nuxcell\/wp-json\/wp\/v2\/pages\/406\/revisions\/30831"}],"wp:attachment":[{"href":"https:\/\/www.biosyn.com.br\/nuxcell\/wp-json\/wp\/v2\/media?parent=406"}],"curies":[{"name":"wp","href":"https:\/\/api.w.org\/{rel}","templated":true}]}}